{"id":15,"date":"2016-07-20T17:11:36","date_gmt":"2016-07-20T15:11:36","guid":{"rendered":"http:\/\/demo.hashthemes.com\/total\/?page_id=15"},"modified":"2023-03-28T19:28:43","modified_gmt":"2023-03-28T17:28:43","slug":"parking","status":"publish","type":"page","link":"https:\/\/biurowieccentrum.pl\/?page_id=15","title":{"rendered":"Parking"},"content":{"rendered":"\n<p><\/p>\n\n\n\n<div class=\"wp-block-media-text alignwide has-media-on-the-right is-stacked-on-mobile\" style=\"grid-template-columns:auto 57%\"><div class=\"wp-block-media-text__content\">\n<p>Posiadamy 120 miejsc parkingowych dla naszych najemc\u00f3w i ich klient\u00f3w. Parking jest cz\u0119\u015bciowo monitorowany (w bliskiej odleg\u0142o\u015bci od budynku).<\/p>\n<\/div><figure class=\"wp-block-media-text__media\"><img loading=\"lazy\" decoding=\"async\" width=\"1024\" height=\"683\" src=\"https:\/\/biurowieccentrum.pl\/wp-content\/uploads\/2023\/03\/4V5A1308-1.jpg\" alt=\"\" class=\"wp-image-1574 size-full\" srcset=\"https:\/\/biurowieccentrum.pl\/wp-content\/uploads\/2023\/03\/4V5A1308-1.jpg 1024w, https:\/\/biurowieccentrum.pl\/wp-content\/uploads\/2023\/03\/4V5A1308-1-300x200.jpg 300w, https:\/\/biurowieccentrum.pl\/wp-content\/uploads\/2023\/03\/4V5A1308-1-768x512.jpg 768w\" sizes=\"auto, (max-width: 1024px) 100vw, 1024px\" \/><\/figure><\/div>\n","protected":false},"excerpt":{"rendered":"<p>Posiadamy 120 miejsc parkingowych dla naszych najemc\u00f3w i ich klient\u00f3w. Parking jest cz\u0119\u015bciowo monitorowany (w bliskiej odleg\u0142o\u015bci od budynku).<\/p>\n","protected":false},"author":3,"featured_media":0,"parent":0,"menu_order":0,"comment_status":"closed","ping_status":"closed","template":"","meta":{"footnotes":""},"class_list":["post-15","page","type-page","status-publish","hentry"],"yoast_head":"<!-- This site is optimized with the Yoast SEO plugin v20.2.1 - https:\/\/yoast.com\/wordpress\/plugins\/seo\/ -->\n<title>Parking - Wolno\u015bci94.pl | Biura do wynaj\u0119cia<\/title>\n<meta name=\"robots\" content=\"index, follow, max-snippet:-1, max-image-preview:large, max-video-preview:-1\" \/>\n<link rel=\"canonical\" href=\"https:\/\/biurowieccentrum.pl\/?page_id=15\" \/>\n<meta property=\"og:locale\" content=\"pl_PL\" \/>\n<meta property=\"og:type\" content=\"article\" \/>\n<meta property=\"og:title\" content=\"Parking - Wolno\u015bci94.pl | Biura do wynaj\u0119cia\" \/>\n<meta property=\"og:description\" content=\"Posiadamy 120 miejsc parkingowych dla naszych najemc\u00f3w i ich klient\u00f3w. Parking jest cz\u0119\u015bciowo monitorowany (w bliskiej odleg\u0142o\u015bci od budynku).\" \/>\n<meta property=\"og:url\" content=\"https:\/\/biurowieccentrum.pl\/?page_id=15\" \/>\n<meta property=\"og:site_name\" content=\"Wolno\u015bci94.pl | Biura do wynaj\u0119cia\" \/>\n<meta property=\"article:modified_time\" content=\"2023-03-28T17:28:43+00:00\" \/>\n<meta property=\"og:image\" content=\"https:\/\/biurowieccentrum.pl\/wp-content\/uploads\/2023\/03\/4V5A1308-1.jpg\" \/>\n<meta name=\"twitter:card\" content=\"summary_large_image\" \/>\n<meta name=\"twitter:label1\" content=\"Szacowany czas czytania\" \/>\n\t<meta name=\"twitter:data1\" content=\"1 minuta\" \/>\n<script type=\"application\/ld+json\" class=\"yoast-schema-graph\">{\"@context\":\"https:\/\/schema.org\",\"@graph\":[{\"@type\":\"WebPage\",\"@id\":\"https:\/\/biurowieccentrum.pl\/?page_id=15\",\"url\":\"https:\/\/biurowieccentrum.pl\/?page_id=15\",\"name\":\"Parking - Wolno\u015bci94.pl | Biura do wynaj\u0119cia\",\"isPartOf\":{\"@id\":\"https:\/\/biurowieccentrum.pl\/#website\"},\"datePublished\":\"2016-07-20T15:11:36+00:00\",\"dateModified\":\"2023-03-28T17:28:43+00:00\",\"breadcrumb\":{\"@id\":\"https:\/\/biurowieccentrum.pl\/?page_id=15#breadcrumb\"},\"inLanguage\":\"pl-PL\",\"potentialAction\":[{\"@type\":\"ReadAction\",\"target\":[\"https:\/\/biurowieccentrum.pl\/?page_id=15\"]}]},{\"@type\":\"BreadcrumbList\",\"@id\":\"https:\/\/biurowieccentrum.pl\/?page_id=15#breadcrumb\",\"itemListElement\":[{\"@type\":\"ListItem\",\"position\":1,\"name\":\"Start\",\"item\":\"https:\/\/biurowieccentrum.pl\/\"},{\"@type\":\"ListItem\",\"position\":2,\"name\":\"Parking\"}]},{\"@type\":\"WebSite\",\"@id\":\"https:\/\/biurowieccentrum.pl\/#website\",\"url\":\"https:\/\/biurowieccentrum.pl\/\",\"name\":\"Wolno\u015bci94.pl | Biura do wynaj\u0119cia\",\"description\":\"Stworzyli\u015bmy Twoje miejsce pracy.\",\"publisher\":{\"@id\":\"https:\/\/biurowieccentrum.pl\/#organization\"},\"potentialAction\":[{\"@type\":\"SearchAction\",\"target\":{\"@type\":\"EntryPoint\",\"urlTemplate\":\"https:\/\/biurowieccentrum.pl\/?s={search_term_string}\"},\"query-input\":\"required name=search_term_string\"}],\"inLanguage\":\"pl-PL\"},{\"@type\":\"Organization\",\"@id\":\"https:\/\/biurowieccentrum.pl\/#organization\",\"name\":\"Wolno\u015bci94.pl | Biura do wynaj\u0119cia\",\"url\":\"https:\/\/biurowieccentrum.pl\/\",\"logo\":{\"@type\":\"ImageObject\",\"inLanguage\":\"pl-PL\",\"@id\":\"https:\/\/biurowieccentrum.pl\/#\/schema\/logo\/image\/\",\"url\":\"https:\/\/biurowieccentrum.pl\/wp-content\/uploads\/2023\/03\/najnowsze-logo.png\",\"contentUrl\":\"https:\/\/biurowieccentrum.pl\/wp-content\/uploads\/2023\/03\/najnowsze-logo.png\",\"width\":1280,\"height\":223,\"caption\":\"Wolno\u015bci94.pl | Biura do wynaj\u0119cia\"},\"image\":{\"@id\":\"https:\/\/biurowieccentrum.pl\/#\/schema\/logo\/image\/\"}}]}<\/script>\n<!-- \/ Yoast SEO plugin. -->","yoast_head_json":{"title":"Parking - Wolno\u015bci94.pl | Biura do wynaj\u0119cia","robots":{"index":"index","follow":"follow","max-snippet":"max-snippet:-1","max-image-preview":"max-image-preview:large","max-video-preview":"max-video-preview:-1"},"canonical":"https:\/\/biurowieccentrum.pl\/?page_id=15","og_locale":"pl_PL","og_type":"article","og_title":"Parking - Wolno\u015bci94.pl | Biura do wynaj\u0119cia","og_description":"Posiadamy 120 miejsc parkingowych dla naszych najemc\u00f3w i ich klient\u00f3w. Parking jest cz\u0119\u015bciowo monitorowany (w bliskiej odleg\u0142o\u015bci od budynku).","og_url":"https:\/\/biurowieccentrum.pl\/?page_id=15","og_site_name":"Wolno\u015bci94.pl | Biura do wynaj\u0119cia","article_modified_time":"2023-03-28T17:28:43+00:00","og_image":[{"url":"https:\/\/biurowieccentrum.pl\/wp-content\/uploads\/2023\/03\/4V5A1308-1.jpg"}],"twitter_card":"summary_large_image","twitter_misc":{"Szacowany czas czytania":"1 minuta"},"schema":{"@context":"https:\/\/schema.org","@graph":[{"@type":"WebPage","@id":"https:\/\/biurowieccentrum.pl\/?page_id=15","url":"https:\/\/biurowieccentrum.pl\/?page_id=15","name":"Parking - Wolno\u015bci94.pl | Biura do wynaj\u0119cia","isPartOf":{"@id":"https:\/\/biurowieccentrum.pl\/#website"},"datePublished":"2016-07-20T15:11:36+00:00","dateModified":"2023-03-28T17:28:43+00:00","breadcrumb":{"@id":"https:\/\/biurowieccentrum.pl\/?page_id=15#breadcrumb"},"inLanguage":"pl-PL","potentialAction":[{"@type":"ReadAction","target":["https:\/\/biurowieccentrum.pl\/?page_id=15"]}]},{"@type":"BreadcrumbList","@id":"https:\/\/biurowieccentrum.pl\/?page_id=15#breadcrumb","itemListElement":[{"@type":"ListItem","position":1,"name":"Start","item":"https:\/\/biurowieccentrum.pl\/"},{"@type":"ListItem","position":2,"name":"Parking"}]},{"@type":"WebSite","@id":"https:\/\/biurowieccentrum.pl\/#website","url":"https:\/\/biurowieccentrum.pl\/","name":"Wolno\u015bci94.pl | Biura do wynaj\u0119cia","description":"Stworzyli\u015bmy Twoje miejsce pracy.","publisher":{"@id":"https:\/\/biurowieccentrum.pl\/#organization"},"potentialAction":[{"@type":"SearchAction","target":{"@type":"EntryPoint","urlTemplate":"https:\/\/biurowieccentrum.pl\/?s={search_term_string}"},"query-input":"required name=search_term_string"}],"inLanguage":"pl-PL"},{"@type":"Organization","@id":"https:\/\/biurowieccentrum.pl\/#organization","name":"Wolno\u015bci94.pl | Biura do wynaj\u0119cia","url":"https:\/\/biurowieccentrum.pl\/","logo":{"@type":"ImageObject","inLanguage":"pl-PL","@id":"https:\/\/biurowieccentrum.pl\/#\/schema\/logo\/image\/","url":"https:\/\/biurowieccentrum.pl\/wp-content\/uploads\/2023\/03\/najnowsze-logo.png","contentUrl":"https:\/\/biurowieccentrum.pl\/wp-content\/uploads\/2023\/03\/najnowsze-logo.png","width":1280,"height":223,"caption":"Wolno\u015bci94.pl | Biura do wynaj\u0119cia"},"image":{"@id":"https:\/\/biurowieccentrum.pl\/#\/schema\/logo\/image\/"}}]}},"_links":{"self":[{"href":"https:\/\/biurowieccentrum.pl\/index.php?rest_route=\/wp\/v2\/pages\/15","targetHints":{"allow":["GET"]}}],"collection":[{"href":"https:\/\/biurowieccentrum.pl\/index.php?rest_route=\/wp\/v2\/pages"}],"about":[{"href":"https:\/\/biurowieccentrum.pl\/index.php?rest_route=\/wp\/v2\/types\/page"}],"author":[{"embeddable":true,"href":"https:\/\/biurowieccentrum.pl\/index.php?rest_route=\/wp\/v2\/users\/3"}],"replies":[{"embeddable":true,"href":"https:\/\/biurowieccentrum.pl\/index.php?rest_route=%2Fwp%2Fv2%2Fcomments&post=15"}],"version-history":[{"count":23,"href":"https:\/\/biurowieccentrum.pl\/index.php?rest_route=\/wp\/v2\/pages\/15\/revisions"}],"predecessor-version":[{"id":1686,"href":"https:\/\/biurowieccentrum.pl\/index.php?rest_route=\/wp\/v2\/pages\/15\/revisions\/1686"}],"wp:attachment":[{"href":"https:\/\/biurowieccentrum.pl\/index.php?rest_route=%2Fwp%2Fv2%2Fmedia&parent=15"}],"curies":[{"name":"wp","href":"https:\/\/api.w.org\/{rel}","templated":true}]}}