{"id":51,"date":"2016-07-20T18:56:12","date_gmt":"2016-07-20T16:56:12","guid":{"rendered":"http:\/\/demo.hashthemes.com\/total\/?page_id=51"},"modified":"2023-03-21T21:16:13","modified_gmt":"2023-03-21T20:16:13","slug":"dostep-do-internetu","status":"publish","type":"page","link":"https:\/\/biurowieccentrum.pl\/?page_id=51","title":{"rendered":"Dost\u0119p do internetu"},"content":{"rendered":"<figure><img loading=\"lazy\" decoding=\"async\" class=\"size-full wp-image-1020 alignleft\" src=\"https:\/\/biurowieccentrum.pl\/wp-content\/uploads\/2023\/03\/sileman.jpg\" alt=\"\" width=\"300\" height=\"200\" \/><\/figure>\n<h3><\/h3>\n<h3><a href=\"https:\/\/sileman.pl\/\">Jeste\u015bmy online <\/a><\/h3>\n<p>Jak wszyscy wiemy biznes bez dost\u0119pu do sieci w dzisiejszych czasach nie istnieje.<\/p>\n<p>Dlatego te\u017c do naszego budynku internet dostarcza firma SILEMAN kt\u00f3ra\u015bwiadczy swoje us\u0142ugi w oparciu o w\u0142asn\u0105 infrastruktur\u0119 \u015bwiat\u0142owodow\u0105.<\/p>\n<p>Dzi\u0119ki zastosowaniu najnowocze\u015bniejszych technologii tworzy kompleksowe rozwi\u0105zania w zakresie us\u0142ug telefonicznych, transmisji danych, dzier\u017cawy \u015bwiat\u0142owod\u00f3w, Internetu dla biznesu i ISP oraz monitoringu.<br \/>\nInternet w budynku jest w standardzie do ka\u017cdego biura jednak\u017ce istnieje mo\u017cliwo\u015b\u0107 dokupienia dodatkowych us\u0142ug typu w\u0142asny sta\u0142y publiczny adres IP oraz wiele innych.<\/p>\n","protected":false},"excerpt":{"rendered":"<p>Jeste\u015bmy online Jak wszyscy wiemy biznes bez dost\u0119pu do sieci w dzisiejszych czasach nie istnieje. Dlatego te\u017c do naszego budynku internet dostarcza firma SILEMAN kt\u00f3ra\u015bwiadczy swoje us\u0142ugi w oparciu o w\u0142asn\u0105 infrastruktur\u0119 \u015bwiat\u0142owodow\u0105. Dzi\u0119ki zastosowaniu najnowocze\u015bniejszych technologii tworzy kompleksowe rozwi\u0105zania w zakresie us\u0142ug telefonicznych, transmisji danych, dzier\u017cawy \u015bwiat\u0142owod\u00f3w, Internetu dla biznesu i ISP oraz monitoringu. [&hellip;]<\/p>\n","protected":false},"author":3,"featured_media":0,"parent":0,"menu_order":0,"comment_status":"closed","ping_status":"closed","template":"","meta":{"footnotes":""},"class_list":["post-51","page","type-page","status-publish","hentry"],"yoast_head":"<!-- This site is optimized with the Yoast SEO plugin v20.2.1 - https:\/\/yoast.com\/wordpress\/plugins\/seo\/ -->\n<title>Dost\u0119p do internetu - Wolno\u015bci94.pl | Biura do wynaj\u0119cia<\/title>\n<meta name=\"robots\" content=\"index, follow, max-snippet:-1, max-image-preview:large, max-video-preview:-1\" \/>\n<link rel=\"canonical\" href=\"https:\/\/biurowieccentrum.pl\/?page_id=51\" \/>\n<meta property=\"og:locale\" content=\"pl_PL\" \/>\n<meta property=\"og:type\" content=\"article\" \/>\n<meta property=\"og:title\" content=\"Dost\u0119p do internetu - Wolno\u015bci94.pl | Biura do wynaj\u0119cia\" \/>\n<meta property=\"og:description\" content=\"Jeste\u015bmy online Jak wszyscy wiemy biznes bez dost\u0119pu do sieci w dzisiejszych czasach nie istnieje. Dlatego te\u017c do naszego budynku internet dostarcza firma SILEMAN kt\u00f3ra\u015bwiadczy swoje us\u0142ugi w oparciu o w\u0142asn\u0105 infrastruktur\u0119 \u015bwiat\u0142owodow\u0105. Dzi\u0119ki zastosowaniu najnowocze\u015bniejszych technologii tworzy kompleksowe rozwi\u0105zania w zakresie us\u0142ug telefonicznych, transmisji danych, dzier\u017cawy \u015bwiat\u0142owod\u00f3w, Internetu dla biznesu i ISP oraz monitoringu. [&hellip;]\" \/>\n<meta property=\"og:url\" content=\"https:\/\/biurowieccentrum.pl\/?page_id=51\" \/>\n<meta property=\"og:site_name\" content=\"Wolno\u015bci94.pl | Biura do wynaj\u0119cia\" \/>\n<meta property=\"article:modified_time\" content=\"2023-03-21T20:16:13+00:00\" \/>\n<meta property=\"og:image\" content=\"https:\/\/biurowieccentrum.pl\/wp-content\/uploads\/2023\/03\/sileman.jpg\" \/>\n<meta name=\"twitter:card\" content=\"summary_large_image\" \/>\n<meta name=\"twitter:label1\" content=\"Szacowany czas czytania\" \/>\n\t<meta name=\"twitter:data1\" content=\"1 minuta\" \/>\n<script type=\"application\/ld+json\" class=\"yoast-schema-graph\">{\"@context\":\"https:\/\/schema.org\",\"@graph\":[{\"@type\":\"WebPage\",\"@id\":\"https:\/\/biurowieccentrum.pl\/?page_id=51\",\"url\":\"https:\/\/biurowieccentrum.pl\/?page_id=51\",\"name\":\"Dost\u0119p do internetu - Wolno\u015bci94.pl | Biura do wynaj\u0119cia\",\"isPartOf\":{\"@id\":\"https:\/\/biurowieccentrum.pl\/#website\"},\"datePublished\":\"2016-07-20T16:56:12+00:00\",\"dateModified\":\"2023-03-21T20:16:13+00:00\",\"breadcrumb\":{\"@id\":\"https:\/\/biurowieccentrum.pl\/?page_id=51#breadcrumb\"},\"inLanguage\":\"pl-PL\",\"potentialAction\":[{\"@type\":\"ReadAction\",\"target\":[\"https:\/\/biurowieccentrum.pl\/?page_id=51\"]}]},{\"@type\":\"BreadcrumbList\",\"@id\":\"https:\/\/biurowieccentrum.pl\/?page_id=51#breadcrumb\",\"itemListElement\":[{\"@type\":\"ListItem\",\"position\":1,\"name\":\"Start\",\"item\":\"https:\/\/biurowieccentrum.pl\/\"},{\"@type\":\"ListItem\",\"position\":2,\"name\":\"Dost\u0119p do internetu\"}]},{\"@type\":\"WebSite\",\"@id\":\"https:\/\/biurowieccentrum.pl\/#website\",\"url\":\"https:\/\/biurowieccentrum.pl\/\",\"name\":\"Wolno\u015bci94.pl | Biura do wynaj\u0119cia\",\"description\":\"Stworzyli\u015bmy Twoje miejsce pracy.\",\"publisher\":{\"@id\":\"https:\/\/biurowieccentrum.pl\/#organization\"},\"potentialAction\":[{\"@type\":\"SearchAction\",\"target\":{\"@type\":\"EntryPoint\",\"urlTemplate\":\"https:\/\/biurowieccentrum.pl\/?s={search_term_string}\"},\"query-input\":\"required name=search_term_string\"}],\"inLanguage\":\"pl-PL\"},{\"@type\":\"Organization\",\"@id\":\"https:\/\/biurowieccentrum.pl\/#organization\",\"name\":\"Wolno\u015bci94.pl | Biura do wynaj\u0119cia\",\"url\":\"https:\/\/biurowieccentrum.pl\/\",\"logo\":{\"@type\":\"ImageObject\",\"inLanguage\":\"pl-PL\",\"@id\":\"https:\/\/biurowieccentrum.pl\/#\/schema\/logo\/image\/\",\"url\":\"https:\/\/biurowieccentrum.pl\/wp-content\/uploads\/2023\/03\/najnowsze-logo.png\",\"contentUrl\":\"https:\/\/biurowieccentrum.pl\/wp-content\/uploads\/2023\/03\/najnowsze-logo.png\",\"width\":1280,\"height\":223,\"caption\":\"Wolno\u015bci94.pl | Biura do wynaj\u0119cia\"},\"image\":{\"@id\":\"https:\/\/biurowieccentrum.pl\/#\/schema\/logo\/image\/\"}}]}<\/script>\n<!-- \/ Yoast SEO plugin. -->","yoast_head_json":{"title":"Dost\u0119p do internetu - Wolno\u015bci94.pl | Biura do wynaj\u0119cia","robots":{"index":"index","follow":"follow","max-snippet":"max-snippet:-1","max-image-preview":"max-image-preview:large","max-video-preview":"max-video-preview:-1"},"canonical":"https:\/\/biurowieccentrum.pl\/?page_id=51","og_locale":"pl_PL","og_type":"article","og_title":"Dost\u0119p do internetu - Wolno\u015bci94.pl | Biura do wynaj\u0119cia","og_description":"Jeste\u015bmy online Jak wszyscy wiemy biznes bez dost\u0119pu do sieci w dzisiejszych czasach nie istnieje. Dlatego te\u017c do naszego budynku internet dostarcza firma SILEMAN kt\u00f3ra\u015bwiadczy swoje us\u0142ugi w oparciu o w\u0142asn\u0105 infrastruktur\u0119 \u015bwiat\u0142owodow\u0105. Dzi\u0119ki zastosowaniu najnowocze\u015bniejszych technologii tworzy kompleksowe rozwi\u0105zania w zakresie us\u0142ug telefonicznych, transmisji danych, dzier\u017cawy \u015bwiat\u0142owod\u00f3w, Internetu dla biznesu i ISP oraz monitoringu. [&hellip;]","og_url":"https:\/\/biurowieccentrum.pl\/?page_id=51","og_site_name":"Wolno\u015bci94.pl | Biura do wynaj\u0119cia","article_modified_time":"2023-03-21T20:16:13+00:00","og_image":[{"url":"https:\/\/biurowieccentrum.pl\/wp-content\/uploads\/2023\/03\/sileman.jpg"}],"twitter_card":"summary_large_image","twitter_misc":{"Szacowany czas czytania":"1 minuta"},"schema":{"@context":"https:\/\/schema.org","@graph":[{"@type":"WebPage","@id":"https:\/\/biurowieccentrum.pl\/?page_id=51","url":"https:\/\/biurowieccentrum.pl\/?page_id=51","name":"Dost\u0119p do internetu - Wolno\u015bci94.pl | Biura do wynaj\u0119cia","isPartOf":{"@id":"https:\/\/biurowieccentrum.pl\/#website"},"datePublished":"2016-07-20T16:56:12+00:00","dateModified":"2023-03-21T20:16:13+00:00","breadcrumb":{"@id":"https:\/\/biurowieccentrum.pl\/?page_id=51#breadcrumb"},"inLanguage":"pl-PL","potentialAction":[{"@type":"ReadAction","target":["https:\/\/biurowieccentrum.pl\/?page_id=51"]}]},{"@type":"BreadcrumbList","@id":"https:\/\/biurowieccentrum.pl\/?page_id=51#breadcrumb","itemListElement":[{"@type":"ListItem","position":1,"name":"Start","item":"https:\/\/biurowieccentrum.pl\/"},{"@type":"ListItem","position":2,"name":"Dost\u0119p do internetu"}]},{"@type":"WebSite","@id":"https:\/\/biurowieccentrum.pl\/#website","url":"https:\/\/biurowieccentrum.pl\/","name":"Wolno\u015bci94.pl | Biura do wynaj\u0119cia","description":"Stworzyli\u015bmy Twoje miejsce pracy.","publisher":{"@id":"https:\/\/biurowieccentrum.pl\/#organization"},"potentialAction":[{"@type":"SearchAction","target":{"@type":"EntryPoint","urlTemplate":"https:\/\/biurowieccentrum.pl\/?s={search_term_string}"},"query-input":"required name=search_term_string"}],"inLanguage":"pl-PL"},{"@type":"Organization","@id":"https:\/\/biurowieccentrum.pl\/#organization","name":"Wolno\u015bci94.pl | Biura do wynaj\u0119cia","url":"https:\/\/biurowieccentrum.pl\/","logo":{"@type":"ImageObject","inLanguage":"pl-PL","@id":"https:\/\/biurowieccentrum.pl\/#\/schema\/logo\/image\/","url":"https:\/\/biurowieccentrum.pl\/wp-content\/uploads\/2023\/03\/najnowsze-logo.png","contentUrl":"https:\/\/biurowieccentrum.pl\/wp-content\/uploads\/2023\/03\/najnowsze-logo.png","width":1280,"height":223,"caption":"Wolno\u015bci94.pl | Biura do wynaj\u0119cia"},"image":{"@id":"https:\/\/biurowieccentrum.pl\/#\/schema\/logo\/image\/"}}]}},"_links":{"self":[{"href":"https:\/\/biurowieccentrum.pl\/index.php?rest_route=\/wp\/v2\/pages\/51","targetHints":{"allow":["GET"]}}],"collection":[{"href":"https:\/\/biurowieccentrum.pl\/index.php?rest_route=\/wp\/v2\/pages"}],"about":[{"href":"https:\/\/biurowieccentrum.pl\/index.php?rest_route=\/wp\/v2\/types\/page"}],"author":[{"embeddable":true,"href":"https:\/\/biurowieccentrum.pl\/index.php?rest_route=\/wp\/v2\/users\/3"}],"replies":[{"embeddable":true,"href":"https:\/\/biurowieccentrum.pl\/index.php?rest_route=%2Fwp%2Fv2%2Fcomments&post=51"}],"version-history":[{"count":12,"href":"https:\/\/biurowieccentrum.pl\/index.php?rest_route=\/wp\/v2\/pages\/51\/revisions"}],"predecessor-version":[{"id":1295,"href":"https:\/\/biurowieccentrum.pl\/index.php?rest_route=\/wp\/v2\/pages\/51\/revisions\/1295"}],"wp:attachment":[{"href":"https:\/\/biurowieccentrum.pl\/index.php?rest_route=%2Fwp%2Fv2%2Fmedia&parent=51"}],"curies":[{"name":"wp","href":"https:\/\/api.w.org\/{rel}","templated":true}]}}